{"id":86,"date":"2023-05-26T08:27:59","date_gmt":"2023-05-26T08:27:59","guid":{"rendered":"https:\/\/ergotherapies.fr\/?page_id=86"},"modified":"2024-04-01T10:00:01","modified_gmt":"2024-04-01T10:00:01","slug":"accueil-cabinet-ergotherapie-boris-havet-toulouse","status":"publish","type":"page","link":"https:\/\/ergotherapies.fr\/","title":{"rendered":"Welcome"},"content":{"rendered":"\n<p>Bienvenue sur ce site qui pr\u00e9sente mon activit\u00e9 d&rsquo;ergoth\u00e9rapie lib\u00e9rale.<\/p>\n\n\n\n<figure class=\"wp-block-image alignright size-full is-resized\"><img loading=\"lazy\" decoding=\"async\" src=\"https:\/\/ergotherapies.fr\/wp-content\/uploads\/2023\/06\/Schema-ergo.png\" alt=\"\" class=\"wp-image-134\" width=\"235\" height=\"256\" srcset=\"https:\/\/ergotherapies.fr\/wp-content\/uploads\/2023\/06\/Schema-ergo.png 474w, https:\/\/ergotherapies.fr\/wp-content\/uploads\/2023\/06\/Schema-ergo-275x300.png 275w\" sizes=\"auto, (max-width: 235px) 100vw, 235px\" \/><\/figure>\n\n\n\n<p>L&rsquo;ergoth\u00e9rapeute peut accompagner toute personne, quel que soit son \u00e2ge, d\u00e8s lors qu&rsquo;elle rencontre des difficult\u00e9s dans son quotidien: Mobilit\u00e9, soins personnels, travail, loisirs, relations sociales, apprentissages scolaires, etc&#8230;<\/p>\n\n\n\n<p>L&rsquo;ergoth\u00e9rapeute recueille et analyse les besoins et les souhaits exprim\u00e9s par la personne, ses habitudes de vie et son environnement. Il \u00e9tablit un diagnostic qu&rsquo;il est amen\u00e9 \u00e0 r\u00e9ajuster au fur et \u00e0 mesure de son accompagnement. Ainsi, il va pouvoir intervenir sur plusieurs champs&nbsp;:<\/p>\n\n\n\n<ul class=\"wp-block-list\">\n<li>la pr\u00e9vention et l\u2019\u00e9ducation,<\/li>\n\n\n\n<li>la r\u00e9\u00e9ducation et la th\u00e9rapie,<\/li>\n\n\n\n<li>la r\u00e9adaptation,<\/li>\n\n\n\n<li>la r\u00e9insertion.<\/li>\n<\/ul>\n\n\n\n<p>Mon activit\u00e9 lib\u00e9rale comprend principalement deux orientations:<\/p>\n\n\n\n<p>Des suivis en p\u00e9diatrie, centr\u00e9s sur l&rsquo;enfant et la cellule familiale afin d&rsquo;accompagner les enfants pr\u00e9sentant des troubles neuro-d\u00e9veloppementaux, des troubles des apprentissages <em>(Dys et autres)<\/em>, des troubles d\u00e9ficitaires de l&rsquo;attention avec ou sans hyperactivit\u00e9, des troubles sensoriels et tout autre trouble ayant un retentissement fonctionnel dans leur quotidien.<\/p>\n\n\n\n<p>Un accompagnement aupr\u00e8s de toute personne manifestant des difficult\u00e9s quotidiennes et\/ou souhaitant pr\u00e9venir une entr\u00e9e dans la d\u00e9pendance. Ainsi, une personne souffrant de maladie chronique,  ayant subit un accident ou encore une personne \u00e2g\u00e9e pourront b\u00e9n\u00e9ficier d&rsquo;un accompagnement individualis\u00e9 en ergoth\u00e9rapie afin de maintenir autonomie et ind\u00e9pendance.<\/p>\n\n\n\n<figure class=\"wp-block-image size-large\"><img loading=\"lazy\" decoding=\"async\" width=\"1024\" height=\"576\" src=\"https:\/\/ergotherapies.fr\/wp-content\/uploads\/2023\/07\/Presentation-cabinet-ergo-1024x576.png\" alt=\"\" class=\"wp-image-193\" srcset=\"https:\/\/ergotherapies.fr\/wp-content\/uploads\/2023\/07\/Presentation-cabinet-ergo-1024x576.png 1024w, https:\/\/ergotherapies.fr\/wp-content\/uploads\/2023\/07\/Presentation-cabinet-ergo-300x169.png 300w, https:\/\/ergotherapies.fr\/wp-content\/uploads\/2023\/07\/Presentation-cabinet-ergo-768x432.png 768w, https:\/\/ergotherapies.fr\/wp-content\/uploads\/2023\/07\/Presentation-cabinet-ergo-1536x864.png 1536w, https:\/\/ergotherapies.fr\/wp-content\/uploads\/2023\/07\/Presentation-cabinet-ergo.png 1920w\" sizes=\"auto, (max-width: 1024px) 100vw, 1024px\" \/><\/figure>\n","protected":false},"excerpt":{"rendered":"<p>Bienvenue sur ce site qui pr\u00e9sente mon activit\u00e9 d&rsquo;ergoth\u00e9rapie lib\u00e9rale. L&rsquo;ergoth\u00e9rapeute peut accompagner toute personne, quel que soit son \u00e2ge, d\u00e8s lors qu&rsquo;elle rencontre des difficult\u00e9s dans son quotidien: Mobilit\u00e9, soins personnels, travail, loisirs, relations sociales, apprentissages scolaires, etc&#8230; L&rsquo;ergoth\u00e9rapeute recueille et analyse les besoins et les souhaits exprim\u00e9s par la personne, ses habitudes de [&hellip;]<\/p>\n","protected":false},"author":1,"featured_media":0,"parent":0,"menu_order":0,"comment_status":"closed","ping_status":"closed","template":"","meta":{"footnotes":""},"class_list":["post-86","page","type-page","status-publish","hentry"],"yoast_head":"<!-- This site is optimized with the Yoast SEO plugin v27.5 - https:\/\/yoast.com\/product\/yoast-seo-wordpress\/ -->\n<title>Welcome - ergotherapies<\/title>\n<meta name=\"description\" content=\"Ergoth\u00e9rapie, ergoth\u00e9rapeute, Boris HAVET Toulouse, L\u00e9vignac, Aussone, Daux, Colomiers, L\u00e9guevin, Saint-Paul sur Save, Pibrac, Lassere-Prad\u00e8re, Cornebarrieu, Brax, Launac, Thil, Montaigut sur Save, Mondonville, L&#039;Isle Jourdain, personne \u00e2g\u00e9e, enfant, maladie chronique, p\u00e9diatrie, autonomie, ind\u00e9pendance.\" \/>\n<meta name=\"robots\" content=\"index, follow, max-snippet:-1, max-image-preview:large, max-video-preview:-1\" \/>\n<link rel=\"canonical\" href=\"https:\/\/ergotherapies.fr\/\" \/>\n<meta property=\"og:locale\" content=\"fr_FR\" \/>\n<meta property=\"og:type\" content=\"article\" \/>\n<meta property=\"og:title\" content=\"Welcome - ergotherapies\" \/>\n<meta property=\"og:description\" content=\"Ergoth\u00e9rapie, ergoth\u00e9rapeute, Boris HAVET Toulouse, L\u00e9vignac, Aussone, Daux, Colomiers, L\u00e9guevin, Saint-Paul sur Save, Pibrac, Lassere-Prad\u00e8re, Cornebarrieu, Brax, Launac, Thil, Montaigut sur Save, Mondonville, L&#039;Isle Jourdain, personne \u00e2g\u00e9e, enfant, maladie chronique, p\u00e9diatrie, autonomie, ind\u00e9pendance.\" \/>\n<meta property=\"og:url\" content=\"https:\/\/ergotherapies.fr\/\" \/>\n<meta property=\"og:site_name\" content=\"ergotherapies\" \/>\n<meta property=\"article:modified_time\" content=\"2024-04-01T10:00:01+00:00\" \/>\n<meta property=\"og:image\" content=\"https:\/\/ergotherapies.fr\/wp-content\/uploads\/2023\/06\/Schema-ergo.png\" \/>\n<meta name=\"twitter:card\" content=\"summary_large_image\" \/>\n<meta name=\"twitter:label1\" content=\"Dur\u00e9e de lecture estim\u00e9e\" \/>\n\t<meta name=\"twitter:data1\" content=\"2 minutes\" \/>\n<script type=\"application\/ld+json\" class=\"yoast-schema-graph\">{\"@context\":\"https:\\\/\\\/schema.org\",\"@graph\":[{\"@type\":\"WebPage\",\"@id\":\"https:\\\/\\\/ergotherapies.fr\\\/\",\"url\":\"https:\\\/\\\/ergotherapies.fr\\\/\",\"name\":\"Welcome - ergotherapies\",\"isPartOf\":{\"@id\":\"https:\\\/\\\/ergotherapies.fr\\\/#website\"},\"primaryImageOfPage\":{\"@id\":\"https:\\\/\\\/ergotherapies.fr\\\/#primaryimage\"},\"image\":{\"@id\":\"https:\\\/\\\/ergotherapies.fr\\\/#primaryimage\"},\"thumbnailUrl\":\"https:\\\/\\\/ergotherapies.fr\\\/wp-content\\\/uploads\\\/2023\\\/06\\\/Schema-ergo.png\",\"datePublished\":\"2023-05-26T08:27:59+00:00\",\"dateModified\":\"2024-04-01T10:00:01+00:00\",\"description\":\"Ergoth\u00e9rapie, ergoth\u00e9rapeute, Boris HAVET Toulouse, L\u00e9vignac, Aussone, Daux, Colomiers, L\u00e9guevin, Saint-Paul sur Save, Pibrac, Lassere-Prad\u00e8re, Cornebarrieu, Brax, Launac, Thil, Montaigut sur Save, Mondonville, L'Isle Jourdain, personne \u00e2g\u00e9e, enfant, maladie chronique, p\u00e9diatrie, autonomie, ind\u00e9pendance.\",\"breadcrumb\":{\"@id\":\"https:\\\/\\\/ergotherapies.fr\\\/#breadcrumb\"},\"inLanguage\":\"fr-FR\",\"potentialAction\":[{\"@type\":\"ReadAction\",\"target\":[\"https:\\\/\\\/ergotherapies.fr\\\/\"]}]},{\"@type\":\"ImageObject\",\"inLanguage\":\"fr-FR\",\"@id\":\"https:\\\/\\\/ergotherapies.fr\\\/#primaryimage\",\"url\":\"https:\\\/\\\/ergotherapies.fr\\\/wp-content\\\/uploads\\\/2023\\\/06\\\/Schema-ergo.png\",\"contentUrl\":\"https:\\\/\\\/ergotherapies.fr\\\/wp-content\\\/uploads\\\/2023\\\/06\\\/Schema-ergo.png\",\"width\":474,\"height\":517},{\"@type\":\"BreadcrumbList\",\"@id\":\"https:\\\/\\\/ergotherapies.fr\\\/#breadcrumb\",\"itemListElement\":[{\"@type\":\"ListItem\",\"position\":1,\"name\":\"Accueil\",\"item\":\"https:\\\/\\\/ergotherapies.fr\\\/\"},{\"@type\":\"ListItem\",\"position\":2,\"name\":\"Welcome\"}]},{\"@type\":\"WebSite\",\"@id\":\"https:\\\/\\\/ergotherapies.fr\\\/#website\",\"url\":\"https:\\\/\\\/ergotherapies.fr\\\/\",\"name\":\"ergotherapies\",\"description\":\"Cabinet d&#039;ergoth\u00e9rapie Boris HAVET\",\"publisher\":{\"@id\":\"https:\\\/\\\/ergotherapies.fr\\\/#organization\"},\"potentialAction\":[{\"@type\":\"SearchAction\",\"target\":{\"@type\":\"EntryPoint\",\"urlTemplate\":\"https:\\\/\\\/ergotherapies.fr\\\/?s={search_term_string}\"},\"query-input\":{\"@type\":\"PropertyValueSpecification\",\"valueRequired\":true,\"valueName\":\"search_term_string\"}}],\"inLanguage\":\"fr-FR\"},{\"@type\":\"Organization\",\"@id\":\"https:\\\/\\\/ergotherapies.fr\\\/#organization\",\"name\":\"Cabinet d'ergoth\u00e9rapie Boris HAVET\",\"url\":\"https:\\\/\\\/ergotherapies.fr\\\/\",\"logo\":{\"@type\":\"ImageObject\",\"inLanguage\":\"fr-FR\",\"@id\":\"https:\\\/\\\/ergotherapies.fr\\\/#\\\/schema\\\/logo\\\/image\\\/\",\"url\":\"https:\\\/\\\/ergotherapies.fr\\\/wp-content\\\/uploads\\\/2023\\\/05\\\/logo_1-removebg-preview.png\",\"contentUrl\":\"https:\\\/\\\/ergotherapies.fr\\\/wp-content\\\/uploads\\\/2023\\\/05\\\/logo_1-removebg-preview.png\",\"width\":513,\"height\":486,\"caption\":\"Cabinet d'ergoth\u00e9rapie Boris HAVET\"},\"image\":{\"@id\":\"https:\\\/\\\/ergotherapies.fr\\\/#\\\/schema\\\/logo\\\/image\\\/\"}}]}<\/script>\n<!-- \/ Yoast SEO plugin. -->","yoast_head_json":{"title":"Welcome - ergotherapies","description":"Ergoth\u00e9rapie, ergoth\u00e9rapeute, Boris HAVET Toulouse, L\u00e9vignac, Aussone, Daux, Colomiers, L\u00e9guevin, Saint-Paul sur Save, Pibrac, Lassere-Prad\u00e8re, Cornebarrieu, Brax, Launac, Thil, Montaigut sur Save, Mondonville, L'Isle Jourdain, personne \u00e2g\u00e9e, enfant, maladie chronique, p\u00e9diatrie, autonomie, ind\u00e9pendance.","robots":{"index":"index","follow":"follow","max-snippet":"max-snippet:-1","max-image-preview":"max-image-preview:large","max-video-preview":"max-video-preview:-1"},"canonical":"https:\/\/ergotherapies.fr\/","og_locale":"fr_FR","og_type":"article","og_title":"Welcome - ergotherapies","og_description":"Ergoth\u00e9rapie, ergoth\u00e9rapeute, Boris HAVET Toulouse, L\u00e9vignac, Aussone, Daux, Colomiers, L\u00e9guevin, Saint-Paul sur Save, Pibrac, Lassere-Prad\u00e8re, Cornebarrieu, Brax, Launac, Thil, Montaigut sur Save, Mondonville, L'Isle Jourdain, personne \u00e2g\u00e9e, enfant, maladie chronique, p\u00e9diatrie, autonomie, ind\u00e9pendance.","og_url":"https:\/\/ergotherapies.fr\/","og_site_name":"ergotherapies","article_modified_time":"2024-04-01T10:00:01+00:00","og_image":[{"url":"https:\/\/ergotherapies.fr\/wp-content\/uploads\/2023\/06\/Schema-ergo.png","type":"","width":"","height":""}],"twitter_card":"summary_large_image","twitter_misc":{"Dur\u00e9e de lecture estim\u00e9e":"2 minutes"},"schema":{"@context":"https:\/\/schema.org","@graph":[{"@type":"WebPage","@id":"https:\/\/ergotherapies.fr\/","url":"https:\/\/ergotherapies.fr\/","name":"Welcome - ergotherapies","isPartOf":{"@id":"https:\/\/ergotherapies.fr\/#website"},"primaryImageOfPage":{"@id":"https:\/\/ergotherapies.fr\/#primaryimage"},"image":{"@id":"https:\/\/ergotherapies.fr\/#primaryimage"},"thumbnailUrl":"https:\/\/ergotherapies.fr\/wp-content\/uploads\/2023\/06\/Schema-ergo.png","datePublished":"2023-05-26T08:27:59+00:00","dateModified":"2024-04-01T10:00:01+00:00","description":"Ergoth\u00e9rapie, ergoth\u00e9rapeute, Boris HAVET Toulouse, L\u00e9vignac, Aussone, Daux, Colomiers, L\u00e9guevin, Saint-Paul sur Save, Pibrac, Lassere-Prad\u00e8re, Cornebarrieu, Brax, Launac, Thil, Montaigut sur Save, Mondonville, L'Isle Jourdain, personne \u00e2g\u00e9e, enfant, maladie chronique, p\u00e9diatrie, autonomie, ind\u00e9pendance.","breadcrumb":{"@id":"https:\/\/ergotherapies.fr\/#breadcrumb"},"inLanguage":"fr-FR","potentialAction":[{"@type":"ReadAction","target":["https:\/\/ergotherapies.fr\/"]}]},{"@type":"ImageObject","inLanguage":"fr-FR","@id":"https:\/\/ergotherapies.fr\/#primaryimage","url":"https:\/\/ergotherapies.fr\/wp-content\/uploads\/2023\/06\/Schema-ergo.png","contentUrl":"https:\/\/ergotherapies.fr\/wp-content\/uploads\/2023\/06\/Schema-ergo.png","width":474,"height":517},{"@type":"BreadcrumbList","@id":"https:\/\/ergotherapies.fr\/#breadcrumb","itemListElement":[{"@type":"ListItem","position":1,"name":"Accueil","item":"https:\/\/ergotherapies.fr\/"},{"@type":"ListItem","position":2,"name":"Welcome"}]},{"@type":"WebSite","@id":"https:\/\/ergotherapies.fr\/#website","url":"https:\/\/ergotherapies.fr\/","name":"ergotherapies","description":"Cabinet d&#039;ergoth\u00e9rapie Boris HAVET","publisher":{"@id":"https:\/\/ergotherapies.fr\/#organization"},"potentialAction":[{"@type":"SearchAction","target":{"@type":"EntryPoint","urlTemplate":"https:\/\/ergotherapies.fr\/?s={search_term_string}"},"query-input":{"@type":"PropertyValueSpecification","valueRequired":true,"valueName":"search_term_string"}}],"inLanguage":"fr-FR"},{"@type":"Organization","@id":"https:\/\/ergotherapies.fr\/#organization","name":"Cabinet d'ergoth\u00e9rapie Boris HAVET","url":"https:\/\/ergotherapies.fr\/","logo":{"@type":"ImageObject","inLanguage":"fr-FR","@id":"https:\/\/ergotherapies.fr\/#\/schema\/logo\/image\/","url":"https:\/\/ergotherapies.fr\/wp-content\/uploads\/2023\/05\/logo_1-removebg-preview.png","contentUrl":"https:\/\/ergotherapies.fr\/wp-content\/uploads\/2023\/05\/logo_1-removebg-preview.png","width":513,"height":486,"caption":"Cabinet d'ergoth\u00e9rapie Boris HAVET"},"image":{"@id":"https:\/\/ergotherapies.fr\/#\/schema\/logo\/image\/"}}]}},"_links":{"self":[{"href":"https:\/\/ergotherapies.fr\/index.php\/wp-json\/wp\/v2\/pages\/86","targetHints":{"allow":["GET"]}}],"collection":[{"href":"https:\/\/ergotherapies.fr\/index.php\/wp-json\/wp\/v2\/pages"}],"about":[{"href":"https:\/\/ergotherapies.fr\/index.php\/wp-json\/wp\/v2\/types\/page"}],"author":[{"embeddable":true,"href":"https:\/\/ergotherapies.fr\/index.php\/wp-json\/wp\/v2\/users\/1"}],"replies":[{"embeddable":true,"href":"https:\/\/ergotherapies.fr\/index.php\/wp-json\/wp\/v2\/comments?post=86"}],"version-history":[{"count":11,"href":"https:\/\/ergotherapies.fr\/index.php\/wp-json\/wp\/v2\/pages\/86\/revisions"}],"predecessor-version":[{"id":194,"href":"https:\/\/ergotherapies.fr\/index.php\/wp-json\/wp\/v2\/pages\/86\/revisions\/194"}],"wp:attachment":[{"href":"https:\/\/ergotherapies.fr\/index.php\/wp-json\/wp\/v2\/media?parent=86"}],"curies":[{"name":"wp","href":"https:\/\/api.w.org\/{rel}","templated":true}]}}