{"id":82,"date":"2023-05-26T08:27:28","date_gmt":"2023-05-26T08:27:28","guid":{"rendered":"https:\/\/ergotherapies.fr\/?page_id=82"},"modified":"2023-06-13T10:09:35","modified_gmt":"2023-06-13T10:09:35","slug":"tarifs-et-financements-2","status":"publish","type":"page","link":"https:\/\/ergotherapies.fr\/index.php\/tarifs-et-financements-2\/","title":{"rendered":"Tarifs et financements"},"content":{"rendered":"\n<p><strong>L&rsquo;ergoth\u00e9rapie n&rsquo;est pas rembours\u00e9e par la CPAM.<\/strong><\/p>\n\n\n\n<p>Le financement partiel ou total d&rsquo;un accompagnement en ergoth\u00e9rapie est cependant possible sous conditions aupr\u00e8s de diff\u00e9rents organismes tels que : MDPH, CPAM, compl\u00e9mentaire sant\u00e9, caisse de retraite&#8230;<\/p>\n\n\n\n<p>Dans tous les cas, un bilan en ergoth\u00e9rapie ainsi qu&rsquo;un devis vous seront demand\u00e9s.<\/p>\n\n\n\n<figure class=\"wp-block-table\"><table><tbody><tr><td class=\"has-text-align-center\" data-align=\"center\"><strong>TARIFS<\/strong><\/td><td class=\"has-text-align-center\" data-align=\"center\"><strong>AU CABINET<\/strong><\/td><td class=\"has-text-align-center\" data-align=\"center\"><strong>A L\u2019EXT\u00c9RIEUR<\/strong><\/td><\/tr><tr><td class=\"has-text-align-center\" data-align=\"center\">S\u00e9ance de 45 min<\/td><td class=\"has-text-align-center\" data-align=\"center\">43\u20ac<\/td><td class=\"has-text-align-center\" data-align=\"center\">48\u20ac<\/td><\/tr><tr><td class=\"has-text-align-center\" data-align=\"center\">S\u00e9ance d&rsquo;1 heure<\/td><td class=\"has-text-align-center\" data-align=\"center\">57\u20ac<\/td><td class=\"has-text-align-center\" data-align=\"center\">62\u20ac<\/td><\/tr><tr><td class=\"has-text-align-center\" data-align=\"center\">Bilan en ergoth\u00e9rapie<\/td><td class=\"has-text-align-center\" data-align=\"center\">200\u20ac<\/td><td class=\"has-text-align-center\" data-align=\"center\">220\u20ac<\/td><\/tr><tr><td class=\"has-text-align-center\" data-align=\"center\">R\u00e9daction d&rsquo;un compte-rendu<\/td><td class=\"has-text-align-center\" data-align=\"center\">50\u20ac<\/td><td class=\"has-text-align-center\" data-align=\"center\"><\/td><\/tr><tr><td class=\"has-text-align-center\" data-align=\"center\">\u00c9tude am\u00e9nagement du domicile<br>(Visite, compte-rendu, pr\u00e9conisations)<\/td><td class=\"has-text-align-center\" data-align=\"center\"><\/td><td class=\"has-text-align-center\" data-align=\"center\">200 \u00e0 350\u20ac<\/td><\/tr><\/tbody><\/table><\/figure>\n\n\n\n<p>Il est demand\u00e9 aux familles de r\u00e9gler les s\u00e9ances par ch\u00e8que ou esp\u00e8ce \u00e0 l&rsquo;issue de chaque s\u00e9ance.<br>Pour rappel, le r\u00e8glement de tout rendez-vous annul\u00e9 dans les 24h pr\u00e9c\u00e9dant la s\u00e9ance est d\u00fb.<\/p>\n","protected":false},"excerpt":{"rendered":"<p>L&rsquo;ergoth\u00e9rapie n&rsquo;est pas rembours\u00e9e par la CPAM. Le financement partiel ou total d&rsquo;un accompagnement en ergoth\u00e9rapie est cependant possible sous conditions aupr\u00e8s de diff\u00e9rents organismes tels que : MDPH, CPAM, compl\u00e9mentaire sant\u00e9, caisse de retraite&#8230; Dans tous les cas, un bilan en ergoth\u00e9rapie ainsi qu&rsquo;un devis vous seront demand\u00e9s. TARIFS AU CABINET A L\u2019EXT\u00c9RIEUR S\u00e9ance [&hellip;]<\/p>\n","protected":false},"author":1,"featured_media":0,"parent":0,"menu_order":0,"comment_status":"closed","ping_status":"closed","template":"","meta":{"footnotes":""},"class_list":["post-82","page","type-page","status-publish","hentry"],"yoast_head":"<!-- This site is optimized with the Yoast SEO plugin v27.5 - https:\/\/yoast.com\/product\/yoast-seo-wordpress\/ -->\n<title>Tarifs et financements - ergotherapies<\/title>\n<meta name=\"description\" content=\"tarif, ergoth\u00e9rapie, Boris HAVET, MDPH, Haute-Garonne, Tarif s\u00e9ance, Tarif bilan, Remboursement CPAM, bilan ergoth\u00e9rapie, s\u00e9ance ergoth\u00e9rapie\" \/>\n<meta name=\"robots\" content=\"index, follow, max-snippet:-1, max-image-preview:large, max-video-preview:-1\" \/>\n<link rel=\"canonical\" href=\"https:\/\/ergotherapies.fr\/index.php\/tarifs-et-financements-2\/\" \/>\n<meta property=\"og:locale\" content=\"fr_FR\" \/>\n<meta property=\"og:type\" content=\"article\" \/>\n<meta property=\"og:title\" content=\"Tarifs et financements - ergotherapies\" \/>\n<meta property=\"og:description\" content=\"tarif, ergoth\u00e9rapie, Boris HAVET, MDPH, Haute-Garonne, Tarif s\u00e9ance, Tarif bilan, Remboursement CPAM, bilan ergoth\u00e9rapie, s\u00e9ance ergoth\u00e9rapie\" \/>\n<meta property=\"og:url\" content=\"https:\/\/ergotherapies.fr\/index.php\/tarifs-et-financements-2\/\" \/>\n<meta property=\"og:site_name\" content=\"ergotherapies\" \/>\n<meta property=\"article:modified_time\" content=\"2023-06-13T10:09:35+00:00\" \/>\n<meta name=\"twitter:card\" content=\"summary_large_image\" \/>\n<meta name=\"twitter:label1\" content=\"Dur\u00e9e de lecture estim\u00e9e\" \/>\n\t<meta name=\"twitter:data1\" content=\"1 minute\" \/>\n<script type=\"application\/ld+json\" class=\"yoast-schema-graph\">{\"@context\":\"https:\\\/\\\/schema.org\",\"@graph\":[{\"@type\":\"WebPage\",\"@id\":\"https:\\\/\\\/ergotherapies.fr\\\/index.php\\\/tarifs-et-financements-2\\\/\",\"url\":\"https:\\\/\\\/ergotherapies.fr\\\/index.php\\\/tarifs-et-financements-2\\\/\",\"name\":\"Tarifs et financements - ergotherapies\",\"isPartOf\":{\"@id\":\"https:\\\/\\\/ergotherapies.fr\\\/#website\"},\"datePublished\":\"2023-05-26T08:27:28+00:00\",\"dateModified\":\"2023-06-13T10:09:35+00:00\",\"description\":\"tarif, ergoth\u00e9rapie, Boris HAVET, MDPH, Haute-Garonne, Tarif s\u00e9ance, Tarif bilan, Remboursement CPAM, bilan ergoth\u00e9rapie, s\u00e9ance ergoth\u00e9rapie\",\"breadcrumb\":{\"@id\":\"https:\\\/\\\/ergotherapies.fr\\\/index.php\\\/tarifs-et-financements-2\\\/#breadcrumb\"},\"inLanguage\":\"fr-FR\",\"potentialAction\":[{\"@type\":\"ReadAction\",\"target\":[\"https:\\\/\\\/ergotherapies.fr\\\/index.php\\\/tarifs-et-financements-2\\\/\"]}]},{\"@type\":\"BreadcrumbList\",\"@id\":\"https:\\\/\\\/ergotherapies.fr\\\/index.php\\\/tarifs-et-financements-2\\\/#breadcrumb\",\"itemListElement\":[{\"@type\":\"ListItem\",\"position\":1,\"name\":\"Accueil\",\"item\":\"https:\\\/\\\/ergotherapies.fr\\\/\"},{\"@type\":\"ListItem\",\"position\":2,\"name\":\"Tarifs et financements\"}]},{\"@type\":\"WebSite\",\"@id\":\"https:\\\/\\\/ergotherapies.fr\\\/#website\",\"url\":\"https:\\\/\\\/ergotherapies.fr\\\/\",\"name\":\"ergotherapies\",\"description\":\"Cabinet d&#039;ergoth\u00e9rapie Boris HAVET\",\"publisher\":{\"@id\":\"https:\\\/\\\/ergotherapies.fr\\\/#organization\"},\"potentialAction\":[{\"@type\":\"SearchAction\",\"target\":{\"@type\":\"EntryPoint\",\"urlTemplate\":\"https:\\\/\\\/ergotherapies.fr\\\/?s={search_term_string}\"},\"query-input\":{\"@type\":\"PropertyValueSpecification\",\"valueRequired\":true,\"valueName\":\"search_term_string\"}}],\"inLanguage\":\"fr-FR\"},{\"@type\":\"Organization\",\"@id\":\"https:\\\/\\\/ergotherapies.fr\\\/#organization\",\"name\":\"Cabinet d'ergoth\u00e9rapie Boris HAVET\",\"url\":\"https:\\\/\\\/ergotherapies.fr\\\/\",\"logo\":{\"@type\":\"ImageObject\",\"inLanguage\":\"fr-FR\",\"@id\":\"https:\\\/\\\/ergotherapies.fr\\\/#\\\/schema\\\/logo\\\/image\\\/\",\"url\":\"https:\\\/\\\/ergotherapies.fr\\\/wp-content\\\/uploads\\\/2023\\\/05\\\/logo_1-removebg-preview.png\",\"contentUrl\":\"https:\\\/\\\/ergotherapies.fr\\\/wp-content\\\/uploads\\\/2023\\\/05\\\/logo_1-removebg-preview.png\",\"width\":513,\"height\":486,\"caption\":\"Cabinet d'ergoth\u00e9rapie Boris HAVET\"},\"image\":{\"@id\":\"https:\\\/\\\/ergotherapies.fr\\\/#\\\/schema\\\/logo\\\/image\\\/\"}}]}<\/script>\n<!-- \/ Yoast SEO plugin. -->","yoast_head_json":{"title":"Tarifs et financements - ergotherapies","description":"tarif, ergoth\u00e9rapie, Boris HAVET, MDPH, Haute-Garonne, Tarif s\u00e9ance, Tarif bilan, Remboursement CPAM, bilan ergoth\u00e9rapie, s\u00e9ance ergoth\u00e9rapie","robots":{"index":"index","follow":"follow","max-snippet":"max-snippet:-1","max-image-preview":"max-image-preview:large","max-video-preview":"max-video-preview:-1"},"canonical":"https:\/\/ergotherapies.fr\/index.php\/tarifs-et-financements-2\/","og_locale":"fr_FR","og_type":"article","og_title":"Tarifs et financements - ergotherapies","og_description":"tarif, ergoth\u00e9rapie, Boris HAVET, MDPH, Haute-Garonne, Tarif s\u00e9ance, Tarif bilan, Remboursement CPAM, bilan ergoth\u00e9rapie, s\u00e9ance ergoth\u00e9rapie","og_url":"https:\/\/ergotherapies.fr\/index.php\/tarifs-et-financements-2\/","og_site_name":"ergotherapies","article_modified_time":"2023-06-13T10:09:35+00:00","twitter_card":"summary_large_image","twitter_misc":{"Dur\u00e9e de lecture estim\u00e9e":"1 minute"},"schema":{"@context":"https:\/\/schema.org","@graph":[{"@type":"WebPage","@id":"https:\/\/ergotherapies.fr\/index.php\/tarifs-et-financements-2\/","url":"https:\/\/ergotherapies.fr\/index.php\/tarifs-et-financements-2\/","name":"Tarifs et financements - ergotherapies","isPartOf":{"@id":"https:\/\/ergotherapies.fr\/#website"},"datePublished":"2023-05-26T08:27:28+00:00","dateModified":"2023-06-13T10:09:35+00:00","description":"tarif, ergoth\u00e9rapie, Boris HAVET, MDPH, Haute-Garonne, Tarif s\u00e9ance, Tarif bilan, Remboursement CPAM, bilan ergoth\u00e9rapie, s\u00e9ance ergoth\u00e9rapie","breadcrumb":{"@id":"https:\/\/ergotherapies.fr\/index.php\/tarifs-et-financements-2\/#breadcrumb"},"inLanguage":"fr-FR","potentialAction":[{"@type":"ReadAction","target":["https:\/\/ergotherapies.fr\/index.php\/tarifs-et-financements-2\/"]}]},{"@type":"BreadcrumbList","@id":"https:\/\/ergotherapies.fr\/index.php\/tarifs-et-financements-2\/#breadcrumb","itemListElement":[{"@type":"ListItem","position":1,"name":"Accueil","item":"https:\/\/ergotherapies.fr\/"},{"@type":"ListItem","position":2,"name":"Tarifs et financements"}]},{"@type":"WebSite","@id":"https:\/\/ergotherapies.fr\/#website","url":"https:\/\/ergotherapies.fr\/","name":"ergotherapies","description":"Cabinet d&#039;ergoth\u00e9rapie Boris HAVET","publisher":{"@id":"https:\/\/ergotherapies.fr\/#organization"},"potentialAction":[{"@type":"SearchAction","target":{"@type":"EntryPoint","urlTemplate":"https:\/\/ergotherapies.fr\/?s={search_term_string}"},"query-input":{"@type":"PropertyValueSpecification","valueRequired":true,"valueName":"search_term_string"}}],"inLanguage":"fr-FR"},{"@type":"Organization","@id":"https:\/\/ergotherapies.fr\/#organization","name":"Cabinet d'ergoth\u00e9rapie Boris HAVET","url":"https:\/\/ergotherapies.fr\/","logo":{"@type":"ImageObject","inLanguage":"fr-FR","@id":"https:\/\/ergotherapies.fr\/#\/schema\/logo\/image\/","url":"https:\/\/ergotherapies.fr\/wp-content\/uploads\/2023\/05\/logo_1-removebg-preview.png","contentUrl":"https:\/\/ergotherapies.fr\/wp-content\/uploads\/2023\/05\/logo_1-removebg-preview.png","width":513,"height":486,"caption":"Cabinet d'ergoth\u00e9rapie Boris HAVET"},"image":{"@id":"https:\/\/ergotherapies.fr\/#\/schema\/logo\/image\/"}}]}},"_links":{"self":[{"href":"https:\/\/ergotherapies.fr\/index.php\/wp-json\/wp\/v2\/pages\/82","targetHints":{"allow":["GET"]}}],"collection":[{"href":"https:\/\/ergotherapies.fr\/index.php\/wp-json\/wp\/v2\/pages"}],"about":[{"href":"https:\/\/ergotherapies.fr\/index.php\/wp-json\/wp\/v2\/types\/page"}],"author":[{"embeddable":true,"href":"https:\/\/ergotherapies.fr\/index.php\/wp-json\/wp\/v2\/users\/1"}],"replies":[{"embeddable":true,"href":"https:\/\/ergotherapies.fr\/index.php\/wp-json\/wp\/v2\/comments?post=82"}],"version-history":[{"count":4,"href":"https:\/\/ergotherapies.fr\/index.php\/wp-json\/wp\/v2\/pages\/82\/revisions"}],"predecessor-version":[{"id":132,"href":"https:\/\/ergotherapies.fr\/index.php\/wp-json\/wp\/v2\/pages\/82\/revisions\/132"}],"wp:attachment":[{"href":"https:\/\/ergotherapies.fr\/index.php\/wp-json\/wp\/v2\/media?parent=82"}],"curies":[{"name":"wp","href":"https:\/\/api.w.org\/{rel}","templated":true}]}}