{"id":160,"date":"2023-06-21T07:45:23","date_gmt":"2023-06-21T07:45:23","guid":{"rendered":"https:\/\/ergotherapies.fr\/?page_id=160"},"modified":"2023-06-21T08:20:53","modified_gmt":"2023-06-21T08:20:53","slug":"activites-physiques-adaptees-apa","status":"publish","type":"page","link":"https:\/\/ergotherapies.fr\/index.php\/activites-physiques-adaptees-apa\/","title":{"rendered":"Activit\u00e9s Physiques Adapt\u00e9es (APA)"},"content":{"rendered":"\n<p class=\"has-text-align-center\"><em>\u00ab&nbsp;L\u2019Organisation Mondiale de la Sant\u00e9 d\u00e9finit l\u2019activit\u00e9 physique comme tout mouvement corporel produit par les<\/em> <em>muscles squelettiques qui requiert une d\u00e9pense d\u2019\u00e9nergie. L\u2019activit\u00e9 physique d\u00e9signe tous les mouvements que l\u2019on effectue notamment dans le cadre des loisirs, sur le lieu de travail ou pour se d\u00e9placer d\u2019un endroit \u00e0 l\u2019autre. Une activit\u00e9 physique d\u2019intensit\u00e9 mod\u00e9r\u00e9e ou soutenue a des effets b\u00e9n\u00e9fiques sur la sant\u00e9.&nbsp;\u00bb<\/em><br>(World Health Organization, 2010)<\/p>\n\n\n\n<figure class=\"wp-block-image alignright size-full is-resized\"><img loading=\"lazy\" decoding=\"async\" src=\"https:\/\/ergotherapies.fr\/wp-content\/uploads\/2023\/06\/activite-physique.jpg\" alt=\"\" class=\"wp-image-171\" width=\"273\" height=\"273\" srcset=\"https:\/\/ergotherapies.fr\/wp-content\/uploads\/2023\/06\/activite-physique.jpg 626w, https:\/\/ergotherapies.fr\/wp-content\/uploads\/2023\/06\/activite-physique-300x300.jpg 300w, https:\/\/ergotherapies.fr\/wp-content\/uploads\/2023\/06\/activite-physique-150x150.jpg 150w\" sizes=\"auto, (max-width: 273px) 100vw, 273px\" \/><\/figure>\n\n\n\n<p>L&rsquo;Activit\u00e9 Physique Adapt\u00e9e est quant \u00e0 elle bas\u00e9e sur les aptitudes et les motivations des personnes ayant des besoins sp\u00e9cifiques qui les emp\u00eachent de pratiquer dans des conditions ordinaires. Sont objectif principal est de  permettre \u00e0 une personne d&rsquo;adopter un mode de vie physiquement actif sur une base r\u00e9guli\u00e8re afin de r\u00e9duire les facteurs de risque et les limitations fonctionnelles li\u00e9s \u00e0 la pathologie dont elle est atteinte.<br><a href=\"https:\/\/www.has-sante.fr\/upload\/docs\/application\/pdf\/2022-08\/synthese_prescription_apa_vf.pdf\">https:\/\/www.has-sante.fr\/upload\/docs\/application\/pdf\/2022-08\/synthese_prescription_apa_vf.pdf<\/a><\/p>\n\n\n\n<p>L&rsquo;accompagnement des personnes en Activit\u00e9s Physiques Adapt\u00e9es ne peut \u00eatre fait que par certains professionnels de sant\u00e9 (ergoth\u00e9rapeute, psychomotricien &amp; kin\u00e9sith\u00e9rapeute) et des professionnels du sport sp\u00e9cifiquement form\u00e9s.<\/p>\n\n\n\n<p>L&rsquo;accompagnement en APA se fait sur prescription du m\u00e9decin avec qui le r\u00e9\u00e9ducateur \u00e9tablira des objectifs et un programme personnalis\u00e9. Le financement des s\u00e9ances n&rsquo;est pas pris en charge par la CPAM mais peut faire l&rsquo;objet d&rsquo;un soutien par certaines mutuelles.<\/p>\n\n\n\n<p>Pour tout renseignement compl\u00e9mentaire, je vous invite \u00e0 prendre contact avec moi.<\/p>\n","protected":false},"excerpt":{"rendered":"<p>\u00ab&nbsp;L\u2019Organisation Mondiale de la Sant\u00e9 d\u00e9finit l\u2019activit\u00e9 physique comme tout mouvement corporel produit par les muscles squelettiques qui requiert une d\u00e9pense d\u2019\u00e9nergie. L\u2019activit\u00e9 physique d\u00e9signe tous les mouvements que l\u2019on effectue notamment dans le cadre des loisirs, sur le lieu de travail ou pour se d\u00e9placer d\u2019un endroit \u00e0 l\u2019autre. Une activit\u00e9 physique d\u2019intensit\u00e9 mod\u00e9r\u00e9e [&hellip;]<\/p>\n","protected":false},"author":1,"featured_media":0,"parent":0,"menu_order":0,"comment_status":"closed","ping_status":"closed","template":"","meta":{"footnotes":""},"class_list":["post-160","page","type-page","status-publish","hentry"],"yoast_head":"<!-- This site is optimized with the Yoast SEO plugin v27.5 - https:\/\/yoast.com\/product\/yoast-seo-wordpress\/ -->\n<title>Activit\u00e9s Physiques Adapt\u00e9es (APA) - ergotherapies<\/title>\n<meta name=\"description\" content=\"APA, Sport sur ordonnance, activit\u00e9 physique adapt\u00e9e, activit\u00e9s physiques adapt\u00e9es, sport-sant\u00e9, activit\u00e9s de la vie quotidienne, loisirs, travail, d\u00e9placements\" \/>\n<meta name=\"robots\" content=\"index, follow, max-snippet:-1, max-image-preview:large, max-video-preview:-1\" \/>\n<link rel=\"canonical\" href=\"https:\/\/ergotherapies.fr\/index.php\/activites-physiques-adaptees-apa\/\" \/>\n<meta property=\"og:locale\" content=\"fr_FR\" \/>\n<meta property=\"og:type\" content=\"article\" \/>\n<meta property=\"og:title\" content=\"Activit\u00e9s Physiques Adapt\u00e9es (APA) - ergotherapies\" \/>\n<meta property=\"og:description\" content=\"APA, Sport sur ordonnance, activit\u00e9 physique adapt\u00e9e, activit\u00e9s physiques adapt\u00e9es, sport-sant\u00e9, activit\u00e9s de la vie quotidienne, loisirs, travail, d\u00e9placements\" \/>\n<meta property=\"og:url\" content=\"https:\/\/ergotherapies.fr\/index.php\/activites-physiques-adaptees-apa\/\" \/>\n<meta property=\"og:site_name\" content=\"ergotherapies\" \/>\n<meta property=\"article:modified_time\" content=\"2023-06-21T08:20:53+00:00\" \/>\n<meta property=\"og:image\" content=\"https:\/\/ergotherapies.fr\/wp-content\/uploads\/2023\/06\/activite-physique.jpg\" \/>\n<meta name=\"twitter:card\" content=\"summary_large_image\" \/>\n<meta name=\"twitter:label1\" content=\"Dur\u00e9e de lecture estim\u00e9e\" \/>\n\t<meta name=\"twitter:data1\" content=\"2 minutes\" \/>\n<script type=\"application\/ld+json\" class=\"yoast-schema-graph\">{\"@context\":\"https:\\\/\\\/schema.org\",\"@graph\":[{\"@type\":\"WebPage\",\"@id\":\"https:\\\/\\\/ergotherapies.fr\\\/index.php\\\/activites-physiques-adaptees-apa\\\/\",\"url\":\"https:\\\/\\\/ergotherapies.fr\\\/index.php\\\/activites-physiques-adaptees-apa\\\/\",\"name\":\"Activit\u00e9s Physiques Adapt\u00e9es (APA) - ergotherapies\",\"isPartOf\":{\"@id\":\"https:\\\/\\\/ergotherapies.fr\\\/#website\"},\"primaryImageOfPage\":{\"@id\":\"https:\\\/\\\/ergotherapies.fr\\\/index.php\\\/activites-physiques-adaptees-apa\\\/#primaryimage\"},\"image\":{\"@id\":\"https:\\\/\\\/ergotherapies.fr\\\/index.php\\\/activites-physiques-adaptees-apa\\\/#primaryimage\"},\"thumbnailUrl\":\"https:\\\/\\\/ergotherapies.fr\\\/wp-content\\\/uploads\\\/2023\\\/06\\\/activite-physique.jpg\",\"datePublished\":\"2023-06-21T07:45:23+00:00\",\"dateModified\":\"2023-06-21T08:20:53+00:00\",\"description\":\"APA, Sport sur ordonnance, activit\u00e9 physique adapt\u00e9e, activit\u00e9s physiques adapt\u00e9es, sport-sant\u00e9, activit\u00e9s de la vie quotidienne, loisirs, travail, d\u00e9placements\",\"breadcrumb\":{\"@id\":\"https:\\\/\\\/ergotherapies.fr\\\/index.php\\\/activites-physiques-adaptees-apa\\\/#breadcrumb\"},\"inLanguage\":\"fr-FR\",\"potentialAction\":[{\"@type\":\"ReadAction\",\"target\":[\"https:\\\/\\\/ergotherapies.fr\\\/index.php\\\/activites-physiques-adaptees-apa\\\/\"]}]},{\"@type\":\"ImageObject\",\"inLanguage\":\"fr-FR\",\"@id\":\"https:\\\/\\\/ergotherapies.fr\\\/index.php\\\/activites-physiques-adaptees-apa\\\/#primaryimage\",\"url\":\"https:\\\/\\\/ergotherapies.fr\\\/wp-content\\\/uploads\\\/2023\\\/06\\\/activite-physique.jpg\",\"contentUrl\":\"https:\\\/\\\/ergotherapies.fr\\\/wp-content\\\/uploads\\\/2023\\\/06\\\/activite-physique.jpg\",\"width\":626,\"height\":626},{\"@type\":\"BreadcrumbList\",\"@id\":\"https:\\\/\\\/ergotherapies.fr\\\/index.php\\\/activites-physiques-adaptees-apa\\\/#breadcrumb\",\"itemListElement\":[{\"@type\":\"ListItem\",\"position\":1,\"name\":\"Accueil\",\"item\":\"https:\\\/\\\/ergotherapies.fr\\\/\"},{\"@type\":\"ListItem\",\"position\":2,\"name\":\"Activit\u00e9s Physiques Adapt\u00e9es (APA)\"}]},{\"@type\":\"WebSite\",\"@id\":\"https:\\\/\\\/ergotherapies.fr\\\/#website\",\"url\":\"https:\\\/\\\/ergotherapies.fr\\\/\",\"name\":\"ergotherapies\",\"description\":\"Cabinet d&#039;ergoth\u00e9rapie Boris HAVET\",\"publisher\":{\"@id\":\"https:\\\/\\\/ergotherapies.fr\\\/#organization\"},\"potentialAction\":[{\"@type\":\"SearchAction\",\"target\":{\"@type\":\"EntryPoint\",\"urlTemplate\":\"https:\\\/\\\/ergotherapies.fr\\\/?s={search_term_string}\"},\"query-input\":{\"@type\":\"PropertyValueSpecification\",\"valueRequired\":true,\"valueName\":\"search_term_string\"}}],\"inLanguage\":\"fr-FR\"},{\"@type\":\"Organization\",\"@id\":\"https:\\\/\\\/ergotherapies.fr\\\/#organization\",\"name\":\"Cabinet d'ergoth\u00e9rapie Boris HAVET\",\"url\":\"https:\\\/\\\/ergotherapies.fr\\\/\",\"logo\":{\"@type\":\"ImageObject\",\"inLanguage\":\"fr-FR\",\"@id\":\"https:\\\/\\\/ergotherapies.fr\\\/#\\\/schema\\\/logo\\\/image\\\/\",\"url\":\"https:\\\/\\\/ergotherapies.fr\\\/wp-content\\\/uploads\\\/2023\\\/05\\\/logo_1-removebg-preview.png\",\"contentUrl\":\"https:\\\/\\\/ergotherapies.fr\\\/wp-content\\\/uploads\\\/2023\\\/05\\\/logo_1-removebg-preview.png\",\"width\":513,\"height\":486,\"caption\":\"Cabinet d'ergoth\u00e9rapie Boris HAVET\"},\"image\":{\"@id\":\"https:\\\/\\\/ergotherapies.fr\\\/#\\\/schema\\\/logo\\\/image\\\/\"}}]}<\/script>\n<!-- \/ Yoast SEO plugin. -->","yoast_head_json":{"title":"Activit\u00e9s Physiques Adapt\u00e9es (APA) - ergotherapies","description":"APA, Sport sur ordonnance, activit\u00e9 physique adapt\u00e9e, activit\u00e9s physiques adapt\u00e9es, sport-sant\u00e9, activit\u00e9s de la vie quotidienne, loisirs, travail, d\u00e9placements","robots":{"index":"index","follow":"follow","max-snippet":"max-snippet:-1","max-image-preview":"max-image-preview:large","max-video-preview":"max-video-preview:-1"},"canonical":"https:\/\/ergotherapies.fr\/index.php\/activites-physiques-adaptees-apa\/","og_locale":"fr_FR","og_type":"article","og_title":"Activit\u00e9s Physiques Adapt\u00e9es (APA) - ergotherapies","og_description":"APA, Sport sur ordonnance, activit\u00e9 physique adapt\u00e9e, activit\u00e9s physiques adapt\u00e9es, sport-sant\u00e9, activit\u00e9s de la vie quotidienne, loisirs, travail, d\u00e9placements","og_url":"https:\/\/ergotherapies.fr\/index.php\/activites-physiques-adaptees-apa\/","og_site_name":"ergotherapies","article_modified_time":"2023-06-21T08:20:53+00:00","og_image":[{"url":"https:\/\/ergotherapies.fr\/wp-content\/uploads\/2023\/06\/activite-physique.jpg","type":"","width":"","height":""}],"twitter_card":"summary_large_image","twitter_misc":{"Dur\u00e9e de lecture estim\u00e9e":"2 minutes"},"schema":{"@context":"https:\/\/schema.org","@graph":[{"@type":"WebPage","@id":"https:\/\/ergotherapies.fr\/index.php\/activites-physiques-adaptees-apa\/","url":"https:\/\/ergotherapies.fr\/index.php\/activites-physiques-adaptees-apa\/","name":"Activit\u00e9s Physiques Adapt\u00e9es (APA) - ergotherapies","isPartOf":{"@id":"https:\/\/ergotherapies.fr\/#website"},"primaryImageOfPage":{"@id":"https:\/\/ergotherapies.fr\/index.php\/activites-physiques-adaptees-apa\/#primaryimage"},"image":{"@id":"https:\/\/ergotherapies.fr\/index.php\/activites-physiques-adaptees-apa\/#primaryimage"},"thumbnailUrl":"https:\/\/ergotherapies.fr\/wp-content\/uploads\/2023\/06\/activite-physique.jpg","datePublished":"2023-06-21T07:45:23+00:00","dateModified":"2023-06-21T08:20:53+00:00","description":"APA, Sport sur ordonnance, activit\u00e9 physique adapt\u00e9e, activit\u00e9s physiques adapt\u00e9es, sport-sant\u00e9, activit\u00e9s de la vie quotidienne, loisirs, travail, d\u00e9placements","breadcrumb":{"@id":"https:\/\/ergotherapies.fr\/index.php\/activites-physiques-adaptees-apa\/#breadcrumb"},"inLanguage":"fr-FR","potentialAction":[{"@type":"ReadAction","target":["https:\/\/ergotherapies.fr\/index.php\/activites-physiques-adaptees-apa\/"]}]},{"@type":"ImageObject","inLanguage":"fr-FR","@id":"https:\/\/ergotherapies.fr\/index.php\/activites-physiques-adaptees-apa\/#primaryimage","url":"https:\/\/ergotherapies.fr\/wp-content\/uploads\/2023\/06\/activite-physique.jpg","contentUrl":"https:\/\/ergotherapies.fr\/wp-content\/uploads\/2023\/06\/activite-physique.jpg","width":626,"height":626},{"@type":"BreadcrumbList","@id":"https:\/\/ergotherapies.fr\/index.php\/activites-physiques-adaptees-apa\/#breadcrumb","itemListElement":[{"@type":"ListItem","position":1,"name":"Accueil","item":"https:\/\/ergotherapies.fr\/"},{"@type":"ListItem","position":2,"name":"Activit\u00e9s Physiques Adapt\u00e9es (APA)"}]},{"@type":"WebSite","@id":"https:\/\/ergotherapies.fr\/#website","url":"https:\/\/ergotherapies.fr\/","name":"ergotherapies","description":"Cabinet d&#039;ergoth\u00e9rapie Boris HAVET","publisher":{"@id":"https:\/\/ergotherapies.fr\/#organization"},"potentialAction":[{"@type":"SearchAction","target":{"@type":"EntryPoint","urlTemplate":"https:\/\/ergotherapies.fr\/?s={search_term_string}"},"query-input":{"@type":"PropertyValueSpecification","valueRequired":true,"valueName":"search_term_string"}}],"inLanguage":"fr-FR"},{"@type":"Organization","@id":"https:\/\/ergotherapies.fr\/#organization","name":"Cabinet d'ergoth\u00e9rapie Boris HAVET","url":"https:\/\/ergotherapies.fr\/","logo":{"@type":"ImageObject","inLanguage":"fr-FR","@id":"https:\/\/ergotherapies.fr\/#\/schema\/logo\/image\/","url":"https:\/\/ergotherapies.fr\/wp-content\/uploads\/2023\/05\/logo_1-removebg-preview.png","contentUrl":"https:\/\/ergotherapies.fr\/wp-content\/uploads\/2023\/05\/logo_1-removebg-preview.png","width":513,"height":486,"caption":"Cabinet d'ergoth\u00e9rapie Boris HAVET"},"image":{"@id":"https:\/\/ergotherapies.fr\/#\/schema\/logo\/image\/"}}]}},"_links":{"self":[{"href":"https:\/\/ergotherapies.fr\/index.php\/wp-json\/wp\/v2\/pages\/160","targetHints":{"allow":["GET"]}}],"collection":[{"href":"https:\/\/ergotherapies.fr\/index.php\/wp-json\/wp\/v2\/pages"}],"about":[{"href":"https:\/\/ergotherapies.fr\/index.php\/wp-json\/wp\/v2\/types\/page"}],"author":[{"embeddable":true,"href":"https:\/\/ergotherapies.fr\/index.php\/wp-json\/wp\/v2\/users\/1"}],"replies":[{"embeddable":true,"href":"https:\/\/ergotherapies.fr\/index.php\/wp-json\/wp\/v2\/comments?post=160"}],"version-history":[{"count":12,"href":"https:\/\/ergotherapies.fr\/index.php\/wp-json\/wp\/v2\/pages\/160\/revisions"}],"predecessor-version":[{"id":182,"href":"https:\/\/ergotherapies.fr\/index.php\/wp-json\/wp\/v2\/pages\/160\/revisions\/182"}],"wp:attachment":[{"href":"https:\/\/ergotherapies.fr\/index.php\/wp-json\/wp\/v2\/media?parent=160"}],"curies":[{"name":"wp","href":"https:\/\/api.w.org\/{rel}","templated":true}]}}